{"id":31162,"date":"2024-12-05T21:57:00","date_gmt":"2024-12-05T20:57:00","guid":{"rendered":"https:\/\/dupmecp2.eu\/?page_id=31162"},"modified":"2024-12-05T22:00:14","modified_gmt":"2024-12-05T21:00:14","slug":"datenschutzrichtlinie","status":"publish","type":"page","link":"https:\/\/dupmecp2.eu\/de\/datenschutzrichtlinie\/","title":{"rendered":"Privacy Policy"},"content":{"rendered":"<h3 class=\"wp-block-heading\">Declaration of Information Obligation<\/h3>\n\n\n\n<p><strong>Privacy Policy<\/strong><\/p>\n\n\n\n<p>In der folgenden Datenschutzrichtlinie informieren wir Sie \u00fcber die wichtigsten Aspekte der Datenverarbeitung auf unserer Website. Wir erheben und verarbeiten personenbezogene Daten ausschlie\u00dflich auf der Grundlage gesetzlicher Bestimmungen (Allgemeine Datenschutzverordnung, Telekommunikationsgesetz 2003).<\/p>\n\n\n\n<p>Wenn Sie auf unsere Website zugreifen oder sie besuchen, werden Ihre IP-Adresse, der Beginn und das Ende der Sitzung sowie deren Dauer gespeichert. Dies ist technisch notwendig und stellt ein berechtigtes Interesse im Sinne von Artikel 6 Absatz 1 Buchstabe f der GDPR dar.<\/p>\n\n\n\n<hr class=\"wp-block-separator has-alpha-channel-opacity\"\/>\n\n\n\n<h3 class=\"wp-block-heading\">Kontaktaufnahme mit uns<\/h3>\n\n\n\n<p>Wenn Sie uns \u00fcber das Kontaktformular auf unserer Website oder per E-Mail kontaktieren, werden die von Ihnen angegebenen Daten sechs Monate lang gespeichert, um Ihre Anfrage zu bearbeiten oder f\u00fcr Folgefragen. Ihre \u00fcbermittelten Daten werden nicht ohne Ihre Zustimmung weitergegeben.<\/p>\n\n\n\n<hr class=\"wp-block-separator has-alpha-channel-opacity\"\/>\n\n\n\n<h3 class=\"wp-block-heading\">Cookies<\/h3>\n\n\n\n<p>Unsere Website verwendet \"Cookies\", das sind kleine Textdateien, die von Ihrem Browser auf Ihrem Ger\u00e4t gespeichert werden. Sie verursachen keinen Schaden. Wir verwenden Cookies, um unsere Website benutzerfreundlicher zu gestalten. Einige Cookies bleiben auf Ihrem Ger\u00e4t, bis Sie sie l\u00f6schen. Sie erm\u00f6glichen es uns, Ihren Browser bei Ihrem n\u00e4chsten Besuch wiederzuerkennen.<\/p>\n\n\n\n<p>Wenn Sie dies nicht w\u00fcnschen, k\u00f6nnen Sie Ihren Browser so einstellen, dass er Sie benachrichtigt, wenn Cookies gesetzt werden, und sie nur auf einer Fall-zu-Fall-Basis zul\u00e4sst. Das Sperren von Cookies kann die Funktionalit\u00e4t unserer Website einschr\u00e4nken.<\/p>\n\n\n\n<hr class=\"wp-block-separator has-alpha-channel-opacity\"\/>\n\n\n\n<h3 class=\"wp-block-heading\">Server Log Files<\/h3>\n\n\n\n<p>Diese Website und ihr zugeh\u00f6riger Provider sammeln w\u00e4hrend der Nutzung der Website automatisch Informationen als Teil der \"Server-Log-Dateien\". Dazu geh\u00f6ren insbesondere:<\/p>\n\n\n\n<ul class=\"wp-block-list\">\n<li>IP-Adresse oder Hostname<\/li>\n\n\n\n<li>Verwendeter Browser<\/li>\n\n\n\n<li>Duration of visit, as well as date and time<\/li>\n\n\n\n<li>Auf der Website besuchte Seiten<\/li>\n\n\n\n<li>Spracheinstellungen und Betriebssystem<\/li>\n\n\n\n<li>\"Leaving page\" (URL, von der aus der Benutzer die Website verlassen hat)<\/li>\n\n\n\n<li>ISP (Internet Service Provider)<\/li>\n<\/ul>\n\n\n\n<p>Die gesammelten Informationen werden nicht in einer Weise verarbeitet, die sich auf Einzelpersonen bezieht, oder mit personenbezogenen Daten kombiniert.<\/p>\n\n\n\n<p>Der Website-Betreiber beh\u00e4lt sich das Recht vor, diese Daten im Falle bekannter illegaler Aktivit\u00e4ten zu \u00fcberpr\u00fcfen.<\/p>\n\n\n\n<hr class=\"wp-block-separator has-alpha-channel-opacity\"\/>\n\n\n\n<h3 class=\"wp-block-heading\">Newsletter<\/h3>\n\n\n\n<p>Sie haben die M\u00f6glichkeit, unseren Newsletter \u00fcber unsere Website zu abonnieren. Dazu ben\u00f6tigen wir Ihre E-Mail-Adresse und Ihre ausdr\u00fcckliche Zustimmung zum Erhalt des Newsletters.<\/p>\n\n\n\n<p>Wenn Sie sich anmelden, erhalten Sie eine Best\u00e4tigungs-E-Mail mit einem Link, um Ihre Anmeldung zu best\u00e4tigen. Sie k\u00f6nnen sich jederzeit vom Newsletter abmelden, indem Sie Ihre K\u00fcndigung an unsere E-Mail-Adresse senden: <strong><a>office@dupmecp2.eu<\/a><\/strong>.<\/p>\n\n\n\n<p>Nach einem Widerruf werden Ihre Daten im Zusammenhang mit dem Newsletter-Abonnement sofort gel\u00f6scht. Die Rechtm\u00e4\u00dfigkeit der vor dem Widerruf durchgef\u00fchrten Datenverarbeitung, die auf Ihrer Zustimmung beruht, bleibt davon unber\u00fchrt.<\/p>\n\n\n\n<hr class=\"wp-block-separator has-alpha-channel-opacity\"\/>\n\n\n\n<h3 class=\"wp-block-heading\">Ihre Rechte als Datensubjekt<\/h3>\n\n\n\n<p>Als Datensubjekt haben Sie die folgenden Rechte in Bezug auf Ihre gespeicherten Daten:<\/p>\n\n\n\n<ul class=\"wp-block-list\">\n<li>Recht auf Zugang<\/li>\n\n\n\n<li>Right to erasure<\/li>\n\n\n\n<li>Recht auf Berichtigung<\/li>\n\n\n\n<li>Recht auf Daten\u00fcbertragbarkeit<\/li>\n\n\n\n<li>Recht auf Widerruf oder Einspruch gegen die Datenverarbeitung<\/li>\n\n\n\n<li>Recht auf Einschr\u00e4nkung der Verarbeitung<\/li>\n<\/ul>\n\n\n\n<p>Wenn Sie der Meinung sind, dass die Verarbeitung Ihrer Daten gegen Datenschutzgesetze verst\u00f6\u00dft, k\u00f6nnen Sie eine Beschwerde bei uns einreichen (<strong><a>office@dupmecp2.eu<\/a><\/strong>) oder bei der Datenschutzbeh\u00f6rde.<\/p>\n\n\n\n<hr class=\"wp-block-separator has-alpha-channel-opacity\"\/>\n\n\n\n<h3 class=\"wp-block-heading\">Kontakt Informationen<\/h3>\n\n\n\n<p>Website Operator: <strong>DupMECP2 - Let's Cure MDS<\/strong><br>Phone: <strong>+43 678 121 58 37<\/strong><br>Email: <strong><a>office@dupmecp2.eu<\/a><\/strong><\/p>\n\n\n\n<p><strong>Quelle<\/strong>: Privacy Policy Generator Austria (GDPR)<\/p>","protected":false},"excerpt":{"rendered":"<p>Declaration of Information Obligation Privacy Policy In the following privacy policy, we inform you about the most important aspects of data processing on our website. We collect and process personal [&hellip;]<\/p>","protected":false},"author":1,"featured_media":0,"parent":0,"menu_order":0,"comment_status":"closed","ping_status":"closed","template":"","meta":{"footnotes":""},"class_list":["post-31162","page","type-page","status-publish","hentry"],"yoast_head":"<!-- This site is optimized with the Yoast SEO plugin v25.8 - https:\/\/yoast.com\/wordpress\/plugins\/seo\/ -->\n<title>Privacy Policy - DupMECP2<\/title>\n<meta name=\"robots\" content=\"index, follow, max-snippet:-1, max-image-preview:large, max-video-preview:-1\" \/>\n<link rel=\"canonical\" href=\"https:\/\/dupmecp2.eu\/de\/datenschutzrichtlinie\/\" \/>\n<meta property=\"og:locale\" content=\"de_DE\" \/>\n<meta property=\"og:type\" content=\"article\" \/>\n<meta property=\"og:title\" content=\"Privacy Policy - DupMECP2\" \/>\n<meta property=\"og:description\" content=\"Declaration of Information Obligation Privacy Policy In the following privacy policy, we inform you about the most important aspects of data processing on our website. We collect and process personal [&hellip;]\" \/>\n<meta property=\"og:url\" content=\"https:\/\/dupmecp2.eu\/de\/datenschutzrichtlinie\/\" \/>\n<meta property=\"og:site_name\" content=\"DupMECP2\" \/>\n<meta property=\"article:modified_time\" content=\"2024-12-05T21:00:14+00:00\" \/>\n<meta name=\"twitter:card\" content=\"summary_large_image\" \/>\n<meta name=\"twitter:label1\" content=\"Gesch\u00e4tzte Lesezeit\" \/>\n\t<meta name=\"twitter:data1\" content=\"3\u00a0Minuten\" \/>\n<script type=\"application\/ld+json\" class=\"yoast-schema-graph\">{\"@context\":\"https:\/\/schema.org\",\"@graph\":[{\"@type\":\"WebPage\",\"@id\":\"https:\/\/dupmecp2.eu\/privacy-policy\/\",\"url\":\"https:\/\/dupmecp2.eu\/privacy-policy\/\",\"name\":\"Privacy Policy - DupMECP2\",\"isPartOf\":{\"@id\":\"https:\/\/dupmecp2.eu\/#website\"},\"datePublished\":\"2024-12-05T20:57:00+00:00\",\"dateModified\":\"2024-12-05T21:00:14+00:00\",\"breadcrumb\":{\"@id\":\"https:\/\/dupmecp2.eu\/privacy-policy\/#breadcrumb\"},\"inLanguage\":\"de\",\"potentialAction\":[{\"@type\":\"ReadAction\",\"target\":[\"https:\/\/dupmecp2.eu\/privacy-policy\/\"]}]},{\"@type\":\"BreadcrumbList\",\"@id\":\"https:\/\/dupmecp2.eu\/privacy-policy\/#breadcrumb\",\"itemListElement\":[{\"@type\":\"ListItem\",\"position\":1,\"name\":\"Accueil\",\"item\":\"https:\/\/dupmecp2.eu\/\"},{\"@type\":\"ListItem\",\"position\":2,\"name\":\"Privacy Policy\"}]},{\"@type\":\"WebSite\",\"@id\":\"https:\/\/dupmecp2.eu\/#website\",\"url\":\"https:\/\/dupmecp2.eu\/\",\"name\":\"DupMECP2\",\"description\":\"EU\",\"publisher\":{\"@id\":\"https:\/\/dupmecp2.eu\/#organization\"},\"potentialAction\":[{\"@type\":\"SearchAction\",\"target\":{\"@type\":\"EntryPoint\",\"urlTemplate\":\"https:\/\/dupmecp2.eu\/?s={search_term_string}\"},\"query-input\":{\"@type\":\"PropertyValueSpecification\",\"valueRequired\":true,\"valueName\":\"search_term_string\"}}],\"inLanguage\":\"de\"},{\"@type\":\"Organization\",\"@id\":\"https:\/\/dupmecp2.eu\/#organization\",\"name\":\"DupMECP2\",\"url\":\"https:\/\/dupmecp2.eu\/\",\"logo\":{\"@type\":\"ImageObject\",\"inLanguage\":\"de\",\"@id\":\"https:\/\/dupmecp2.eu\/#\/schema\/logo\/image\/\",\"url\":\"\",\"contentUrl\":\"\",\"caption\":\"DupMECP2\"},\"image\":{\"@id\":\"https:\/\/dupmecp2.eu\/#\/schema\/logo\/image\/\"}}]}<\/script>\n<!-- \/ Yoast SEO plugin. -->","yoast_head_json":{"title":"Datenschutzrichtlinie - DupMECP2","robots":{"index":"index","follow":"follow","max-snippet":"max-snippet:-1","max-image-preview":"max-image-preview:large","max-video-preview":"max-video-preview:-1"},"canonical":"https:\/\/dupmecp2.eu\/de\/datenschutzrichtlinie\/","og_locale":"de_DE","og_type":"article","og_title":"Privacy Policy - DupMECP2","og_description":"Declaration of Information Obligation Privacy Policy In the following privacy policy, we inform you about the most important aspects of data processing on our website. We collect and process personal [&hellip;]","og_url":"https:\/\/dupmecp2.eu\/de\/datenschutzrichtlinie\/","og_site_name":"DupMECP2","article_modified_time":"2024-12-05T21:00:14+00:00","twitter_card":"summary_large_image","twitter_misc":{"Gesch\u00e4tzte Lesezeit":"3\u00a0Minuten"},"schema":{"@context":"https:\/\/schema.org","@graph":[{"@type":"WebPage","@id":"https:\/\/dupmecp2.eu\/privacy-policy\/","url":"https:\/\/dupmecp2.eu\/privacy-policy\/","name":"Datenschutzrichtlinie - DupMECP2","isPartOf":{"@id":"https:\/\/dupmecp2.eu\/#website"},"datePublished":"2024-12-05T20:57:00+00:00","dateModified":"2024-12-05T21:00:14+00:00","breadcrumb":{"@id":"https:\/\/dupmecp2.eu\/privacy-policy\/#breadcrumb"},"inLanguage":"de","potentialAction":[{"@type":"ReadAction","target":["https:\/\/dupmecp2.eu\/privacy-policy\/"]}]},{"@type":"BreadcrumbList","@id":"https:\/\/dupmecp2.eu\/privacy-policy\/#breadcrumb","itemListElement":[{"@type":"ListItem","position":1,"name":"Accueil","item":"https:\/\/dupmecp2.eu\/"},{"@type":"ListItem","position":2,"name":"Privacy Policy"}]},{"@type":"WebSite","@id":"https:\/\/dupmecp2.eu\/#website","url":"https:\/\/dupmecp2.eu\/","name":"DupMECP2","description":"EU","publisher":{"@id":"https:\/\/dupmecp2.eu\/#organization"},"potentialAction":[{"@type":"SearchAction","target":{"@type":"EntryPoint","urlTemplate":"https:\/\/dupmecp2.eu\/?s={search_term_string}"},"query-input":{"@type":"PropertyValueSpecification","valueRequired":true,"valueName":"search_term_string"}}],"inLanguage":"de"},{"@type":"Organization","@id":"https:\/\/dupmecp2.eu\/#organization","name":"DupMECP2","url":"https:\/\/dupmecp2.eu\/","logo":{"@type":"ImageObject","inLanguage":"de","@id":"https:\/\/dupmecp2.eu\/#\/schema\/logo\/image\/","url":"","contentUrl":"","caption":"DupMECP2"},"image":{"@id":"https:\/\/dupmecp2.eu\/#\/schema\/logo\/image\/"}}]}},"_links":{"self":[{"href":"https:\/\/dupmecp2.eu\/de\/wp-json\/wp\/v2\/pages\/31162","targetHints":{"allow":["GET"]}}],"collection":[{"href":"https:\/\/dupmecp2.eu\/de\/wp-json\/wp\/v2\/pages"}],"about":[{"href":"https:\/\/dupmecp2.eu\/de\/wp-json\/wp\/v2\/types\/page"}],"author":[{"embeddable":true,"href":"https:\/\/dupmecp2.eu\/de\/wp-json\/wp\/v2\/users\/1"}],"replies":[{"embeddable":true,"href":"https:\/\/dupmecp2.eu\/de\/wp-json\/wp\/v2\/comments?post=31162"}],"version-history":[{"count":0,"href":"https:\/\/dupmecp2.eu\/de\/wp-json\/wp\/v2\/pages\/31162\/revisions"}],"wp:attachment":[{"href":"https:\/\/dupmecp2.eu\/de\/wp-json\/wp\/v2\/media?parent=31162"}],"curies":[{"name":"wp","href":"https:\/\/api.w.org\/{rel}","templated":true}]}}