{"id":14497,"date":"2023-01-23T20:44:23","date_gmt":"2023-01-23T19:44:23","guid":{"rendered":"https:\/\/dupmecp2.eu\/devenir-membre\/"},"modified":"2024-12-31T08:24:22","modified_gmt":"2024-12-31T07:24:22","slug":"become-a-member-2","status":"publish","type":"page","link":"https:\/\/dupmecp2.eu\/en\/become-a-member-2\/","title":{"rendered":"Become a member"},"content":{"rendered":"<div data-elementor-type=\"wp-page\" data-elementor-id=\"14497\" class=\"elementor elementor-14497\" data-elementor-post-type=\"page\">\n\t\t\t\t\t\t<section class=\"elementor-section elementor-top-section elementor-element elementor-element-3eab2428 elementor-section-full_width elementor-section-height-min-height elementor-section-items-stretch elementor-section-content-middle elementor-section-height-default\" data-id=\"3eab2428\" data-element_type=\"section\">\n\t\t\t\t\t\t<div class=\"elementor-container elementor-column-gap-no\">\n\t\t\t\t\t<div class=\"elementor-column elementor-col-100 elementor-top-column elementor-element elementor-element-6fabad1c\" data-id=\"6fabad1c\" data-element_type=\"column\">\n\t\t\t<div class=\"elementor-widget-wrap elementor-element-populated\">\n\t\t\t\t\t\t<div class=\"elementor-element elementor-element-3250f006 elementor-widget__width-initial elementor-absolute elementor-widget-tablet__width-initial elementor-widget-mobile__width-inherit elementor-widget elementor-widget-spacer\" data-id=\"3250f006\" data-element_type=\"widget\" data-settings=\"{&quot;_position&quot;:&quot;absolute&quot;,&quot;motion_fx_motion_fx_scrolling&quot;:&quot;yes&quot;,&quot;motion_fx_translateX_effect&quot;:&quot;yes&quot;,&quot;motion_fx_translateX_direction&quot;:&quot;negative&quot;,&quot;motion_fx_translateX_speed&quot;:{&quot;unit&quot;:&quot;px&quot;,&quot;size&quot;:&quot;0.5&quot;,&quot;sizes&quot;:[]},&quot;motion_fx_devices&quot;:[&quot;desktop&quot;,&quot;tablet&quot;],&quot;motion_fx_translateX_affectedRange&quot;:{&quot;unit&quot;:&quot;%&quot;,&quot;size&quot;:&quot;&quot;,&quot;sizes&quot;:{&quot;start&quot;:0,&quot;end&quot;:100}}}\" data-widget_type=\"spacer.default\">\n\t\t\t\t<div class=\"elementor-widget-container\">\n\t\t\t\t\t\t\t<div class=\"elementor-spacer\">\n\t\t\t<div class=\"elementor-spacer-inner\"><\/div>\n\t\t<\/div>\n\t\t\t\t\t\t<\/div>\n\t\t\t\t<\/div>\n\t\t\t\t<div class=\"elementor-element elementor-element-22d9ca25 elementor-widget__width-initial elementor-absolute elementor-widget-tablet__width-initial elementor-widget-mobile__width-inherit elementor-widget elementor-widget-spacer\" data-id=\"22d9ca25\" data-element_type=\"widget\" data-settings=\"{&quot;_position&quot;:&quot;absolute&quot;,&quot;motion_fx_motion_fx_scrolling&quot;:&quot;yes&quot;,&quot;motion_fx_translateX_effect&quot;:&quot;yes&quot;,&quot;motion_fx_translateX_speed&quot;:{&quot;unit&quot;:&quot;px&quot;,&quot;size&quot;:&quot;0.8&quot;,&quot;sizes&quot;:[]},&quot;motion_fx_devices&quot;:[&quot;desktop&quot;,&quot;tablet&quot;],&quot;motion_fx_translateX_affectedRange&quot;:{&quot;unit&quot;:&quot;%&quot;,&quot;size&quot;:&quot;&quot;,&quot;sizes&quot;:{&quot;start&quot;:0,&quot;end&quot;:100}}}\" data-widget_type=\"spacer.default\">\n\t\t\t\t<div class=\"elementor-widget-container\">\n\t\t\t\t\t\t\t<div class=\"elementor-spacer\">\n\t\t\t<div class=\"elementor-spacer-inner\"><\/div>\n\t\t<\/div>\n\t\t\t\t\t\t<\/div>\n\t\t\t\t<\/div>\n\t\t\t\t<section class=\"elementor-section elementor-inner-section elementor-element elementor-element-8906d8f elementor-section-content-middle elementor-section-boxed elementor-section-height-default elementor-section-height-default\" data-id=\"8906d8f\" data-element_type=\"section\">\n\t\t\t\t\t\t<div class=\"elementor-container elementor-column-gap-no\">\n\t\t\t\t\t<div class=\"elementor-column elementor-col-100 elementor-inner-column elementor-element elementor-element-5c28bfb5\" data-id=\"5c28bfb5\" data-element_type=\"column\">\n\t\t\t<div class=\"elementor-widget-wrap elementor-element-populated\">\n\t\t\t\t\t\t<div class=\"elementor-element elementor-element-50d06bfa elementor-invisible elementor-widget elementor-widget-heading\" data-id=\"50d06bfa\" data-element_type=\"widget\" data-settings=\"{&quot;_animation&quot;:&quot;fadeIn&quot;,&quot;_animation_mobile&quot;:&quot;none&quot;}\" data-widget_type=\"heading.default\">\n\t\t\t\t<div class=\"elementor-widget-container\">\n\t\t\t\t\t<h1 class=\"elementor-heading-title elementor-size-default\">Become a member <\/h1>\t\t\t\t<\/div>\n\t\t\t\t<\/div>\n\t\t\t\t\t<\/div>\n\t\t<\/div>\n\t\t\t\t\t<\/div>\n\t\t<\/section>\n\t\t\t\t\t<\/div>\n\t\t<\/div>\n\t\t\t\t\t<\/div>\n\t\t<\/section>\n\t\t\t\t<section class=\"elementor-section elementor-top-section elementor-element elementor-element-083a779 elementor-section-boxed elementor-section-height-default elementor-section-height-default\" data-id=\"083a779\" data-element_type=\"section\">\n\t\t\t\t\t\t<div class=\"elementor-container elementor-column-gap-default\">\n\t\t\t\t\t<div class=\"elementor-column elementor-col-100 elementor-top-column elementor-element elementor-element-86d444f\" data-id=\"86d444f\" data-element_type=\"column\">\n\t\t\t<div class=\"elementor-widget-wrap elementor-element-populated\">\n\t\t\t\t\t\t<section class=\"elementor-section elementor-inner-section elementor-element elementor-element-926f4a1 elementor-section-height-min-height elementor-section-content-top elementor-section-boxed elementor-section-height-default elementor-invisible\" data-id=\"926f4a1\" data-element_type=\"section\" data-settings=\"{&quot;animation&quot;:&quot;fadeIn&quot;,&quot;animation_mobile&quot;:&quot;none&quot;,&quot;animation_delay&quot;:&quot;200&quot;}\">\n\t\t\t\t\t\t<div class=\"elementor-container elementor-column-gap-default\">\n\t\t\t\t\t<div class=\"elementor-column elementor-col-100 elementor-inner-column elementor-element elementor-element-a6f4874\" data-id=\"a6f4874\" data-element_type=\"column\">\n\t\t\t<div class=\"elementor-widget-wrap elementor-element-populated\">\n\t\t\t\t\t\t<div class=\"elementor-element elementor-element-8cfebd7 elementor-widget elementor-widget-text-editor\" data-id=\"8cfebd7\" data-element_type=\"widget\" data-widget_type=\"text-editor.default\">\n\t\t\t\t<div class=\"elementor-widget-container\">\n\t\t\t\t\t\t\t\t\t<p>Your Membership Makes a Difference!<\/p>\t\t\t\t\t\t\t\t<\/div>\n\t\t\t\t<\/div>\n\t\t\t\t<div class=\"elementor-element elementor-element-b5fdbb8 elementor-widget elementor-widget-text-editor\" data-id=\"b5fdbb8\" data-element_type=\"widget\" data-widget_type=\"text-editor.default\">\n\t\t\t\t<div class=\"elementor-widget-container\">\n\t\t\t\t\t\t\t\t\t<p style=\"text-align: center;\">Your membership is more than a simple contribution.\u00a0<span style=\"color: var( --e-global-color-text ); font-family: var( --e-global-typography-text-font-family ), Sans-serif; font-style: var( --e-global-typography-text-font-style ); font-weight: var( --e-global-typography-text-font-weight ); text-transform: var( --e-global-typography-text-text-transform ); background-color: var( --e-global-color-c15569b );\">It also supports our activities and strengthens our community.<\/span><\/p>\t\t\t\t\t\t\t\t<\/div>\n\t\t\t\t<\/div>\n\t\t\t\t<div class=\"elementor-element elementor-element-f2cecc4 elementor-widget elementor-widget-html\" data-id=\"f2cecc4\" data-element_type=\"widget\" data-widget_type=\"html.default\">\n\t\t\t\t<div class=\"elementor-widget-container\">\n\t\t\t\t\t<div id=\"smart-button-container\">\r\n      <div style=\"text-align: center;\">\r\n        <div style=\"margin-bottom: 1.25rem;\">\r\n          <p> Become a member of the association by subscribing here.<\/p>\r\n          <select id=\"item-options\"><option value=\"Souscription 1 an - 1 personne\" price=\"10\">Subscription 1 person - 1 year - 10 EUR<\/option><option value=\" Souscription 2 ans - 1 personne\" price=\"20\"> Subscription 1 person - 2 years - 20 EUR<\/option><option value=\"Souscription 3 ans - 1 personne\" price=\"30\">Subscription 1 person - 3 years - EUR 30<\/option><option value=\"Souscription familiale (2 adultes) 1 an\" price=\"20\"> Family subscription (2 adults) 1 year - EUR 20<\/option><option value=\"Souscription familiale (2 adultes) 2 ans\" price=\"40\"> Family subscription (2 adults) 2 years - EUR 40<\/option><option value=\"Souscription familiale (2 adultes) 3 ans\" price=\"60\"> Family subscription (2 adults) 3 years - EUR 60<\/option><\/select>\r\n          <select style=\"visibility: hidden\" id=\"quantitySelect\"><\/select>\r\n        <\/div>\r\n      <div id=\"paypal-button-container\"><\/div>\r\n      <\/div>\r\n    <\/div>\r\n    <script src=\"https:\/\/www.paypal.com\/sdk\/js?client-id=AQ-yIxEAiBOcrX7sDO3Y08evHmfl9KZzcaq7WLgyPGCOSHYbL4jf565nJcuuM-O44dfd-8J8_r2kHBJL&enable-funding=venmo&currency=EUR\" data-sdk-integration-source=\"button-factory\"><\/script>\r\n    <script>\r\n      function initPayPalButton() {\r\n        var shipping = 0;\r\n        var itemOptions = document.querySelector(\"#smart-button-container #item-options\");\r\n    var quantity = parseInt();\r\n    var quantitySelect = document.querySelector(\"#smart-button-container #quantitySelect\");\r\n    if (!isNaN(quantity)) {\r\n      quantitySelect.style.visibility = \"visible\";\r\n    }\r\n    var orderDescription = \" Bienvenue chez DupMECP2. Devenez membre en vous inscrivant ci dessous.\";\r\n    if(orderDescription === '') {\r\n      orderDescription = 'Item';\r\n    }\r\n    paypal.Buttons({\r\n      style: {\r\n        shape: 'rect',\r\n        color: 'silver',\r\n        layout: 'vertical',\r\n        label: 'paypal',\r\n        \r\n      },\r\n      createOrder: function(data, actions) {\r\n        var selectedItemDescription = itemOptions.options[itemOptions.selectedIndex].value;\r\n        var selectedItemPrice = parseFloat(itemOptions.options[itemOptions.selectedIndex].getAttribute(\"price\"));\r\n        var tax = (0 === 0 || false) ? 0 : (selectedItemPrice * (parseFloat(0)\/100));\r\n        if(quantitySelect.options.length > 0) {\r\n          quantity = parseInt(quantitySelect.options[quantitySelect.selectedIndex].value);\r\n        } else {\r\n          quantity = 1;\r\n        }\r\n\r\n        tax *= quantity;\r\n        tax = Math.round(tax * 100) \/ 100;\r\n        var priceTotal = quantity * selectedItemPrice + parseFloat(shipping) + tax;\r\n        priceTotal = Math.round(priceTotal * 100) \/ 100;\r\n        var itemTotalValue = Math.round((selectedItemPrice * quantity) * 100) \/ 100;\r\n\r\n        return actions.order.create({\r\n          purchase_units: [{\r\n            description: orderDescription,\r\n            amount: {\r\n              currency_code: 'EUR',\r\n              value: priceTotal,\r\n              breakdown: {\r\n                item_total: {\r\n                  currency_code: 'EUR',\r\n                  value: itemTotalValue,\r\n                },\r\n                shipping: {\r\n                  currency_code: 'EUR',\r\n                  value: shipping,\r\n                },\r\n                tax_total: {\r\n                  currency_code: 'EUR',\r\n                  value: tax,\r\n                }\r\n              }\r\n            },\r\n            items: [{\r\n              name: selectedItemDescription,\r\n              unit_amount: {\r\n                currency_code: 'EUR',\r\n                value: selectedItemPrice,\r\n              },\r\n              quantity: quantity\r\n            }]\r\n          }]\r\n        });\r\n      },\r\n      onApprove: function(data, actions) {\r\n        return actions.order.capture().then(function(orderData) {\r\n          \r\n          \/\/ Full available details\r\n          console.log('Capture result', orderData, JSON.stringify(orderData, null, 2));\r\n\r\n          \/\/ Show a success message within this page, e.g.\r\n          const element = document.getElementById('paypal-button-container');\r\n          element.innerHTML = '';\r\n          element.innerHTML = '<h3>Merci pour votre inscription!<\/h3>';\r\n\r\n          \/\/ Or go to another URL:  actions.redirect('thank_you.html');\r\n\r\n        });\r\n      },\r\n      onError: function(err) {\r\n        console.log(err);\r\n      },\r\n    }).render('#paypal-button-container');\r\n  }\r\n  initPayPalButton();\r\n    <\/script>\r\n\r\n\t\t\t\t<\/div>\n\t\t\t\t<\/div>\n\t\t\t\t<div class=\"elementor-element elementor-element-9c77453 elementor-widget elementor-widget-text-editor\" data-id=\"9c77453\" data-element_type=\"widget\" data-widget_type=\"text-editor.default\">\n\t\t\t\t<div class=\"elementor-widget-container\">\n\t\t\t\t\t\t\t\t\t<p style=\"text-align: center;\">Your membership will be valid for the selected period (end of corresponding calendar year) and will not be automatically extended. You may terminate your membership at any time by sending an email to office@dupmecp2.eu.<\/p>\t\t\t\t\t\t\t\t<\/div>\n\t\t\t\t<\/div>\n\t\t\t\t\t<\/div>\n\t\t<\/div>\n\t\t\t\t\t<\/div>\n\t\t<\/section>\n\t\t\t\t\t<\/div>\n\t\t<\/div>\n\t\t\t\t\t<\/div>\n\t\t<\/section>\n\t\t\t\t<section class=\"elementor-section elementor-top-section elementor-element elementor-element-d6dbeb0 elementor-section-full_width elementor-section-height-min-height elementor-section-items-stretch elementor-section-content-middle elementor-section-height-default\" data-id=\"d6dbeb0\" data-element_type=\"section\" data-settings=\"{&quot;background_background&quot;:&quot;classic&quot;}\">\n\t\t\t\t\t\t<div class=\"elementor-container elementor-column-gap-no\">\n\t\t\t\t\t<div class=\"elementor-column elementor-col-100 elementor-top-column elementor-element elementor-element-00bd1a7\" data-id=\"00bd1a7\" data-element_type=\"column\">\n\t\t\t<div class=\"elementor-widget-wrap elementor-element-populated\">\n\t\t\t\t\t\t<section class=\"elementor-section elementor-inner-section elementor-element elementor-element-71a0e29 elementor-section-content-middle elementor-section-boxed elementor-section-height-default elementor-section-height-default\" data-id=\"71a0e29\" data-element_type=\"section\">\n\t\t\t\t\t\t<div class=\"elementor-container elementor-column-gap-no\">\n\t\t\t\t\t<div class=\"elementor-column elementor-col-100 elementor-inner-column elementor-element elementor-element-001c600\" data-id=\"001c600\" data-element_type=\"column\">\n\t\t\t<div class=\"elementor-widget-wrap elementor-element-populated\">\n\t\t\t\t\t\t<div class=\"elementor-element elementor-element-6c79163 elementor-widget elementor-widget-heading\" data-id=\"6c79163\" data-element_type=\"widget\" data-widget_type=\"heading.default\">\n\t\t\t\t<div class=\"elementor-widget-container\">\n\t\t\t\t\t<h2 class=\"elementor-heading-title elementor-size-default\">We are here for you<\/h2>\t\t\t\t<\/div>\n\t\t\t\t<\/div>\n\t\t\t\t<div class=\"elementor-element elementor-element-03db34d elementor-widget elementor-widget-text-editor\" data-id=\"03db34d\" data-element_type=\"widget\" data-widget_type=\"text-editor.default\">\n\t\t\t\t<div class=\"elementor-widget-container\">\n\t\t\t\t\t\t\t\t\t<p>Do not hesitate to contact us and join our fight!<\/p>\n\t\t\t\t\t\t\t\t<\/div>\n\t\t\t\t<\/div>\n\t\t\t\t<div class=\"elementor-element elementor-element-4471a65 elementor-align-center elementor-widget elementor-widget-button\" data-id=\"4471a65\" data-element_type=\"widget\" data-widget_type=\"button.default\">\n\t\t\t\t<div class=\"elementor-widget-container\">\n\t\t\t\t\t\t\t\t\t<div class=\"elementor-button-wrapper\">\n\t\t\t\t\t<a class=\"elementor-button elementor-button-link elementor-size-sm\" href=\"https:\/\/dupmecp2.eu\/en\/contact\/\">\n\t\t\t\t\t\t<span class=\"elementor-button-content-wrapper\">\n\t\t\t\t\t\t\t\t\t<span class=\"elementor-button-text\">Contact us<\/span>\n\t\t\t\t\t<\/span>\n\t\t\t\t\t<\/a>\n\t\t\t\t<\/div>\n\t\t\t\t\t\t\t\t<\/div>\n\t\t\t\t<\/div>\n\t\t\t\t\t<\/div>\n\t\t<\/div>\n\t\t\t\t\t<\/div>\n\t\t<\/section>\n\t\t\t\t<div class=\"elementor-element elementor-element-497bcf3 elementor-widget__width-initial elementor-absolute elementor-widget-tablet__width-initial elementor-widget-mobile__width-initial elementor-widget elementor-widget-spacer\" data-id=\"497bcf3\" data-element_type=\"widget\" data-settings=\"{&quot;_position&quot;:&quot;absolute&quot;,&quot;motion_fx_motion_fx_scrolling&quot;:&quot;yes&quot;,&quot;motion_fx_translateX_effect&quot;:&quot;yes&quot;,&quot;motion_fx_translateX_speed&quot;:{&quot;unit&quot;:&quot;px&quot;,&quot;size&quot;:&quot;0.5&quot;,&quot;sizes&quot;:[]},&quot;motion_fx_translateX_affectedRange&quot;:{&quot;unit&quot;:&quot;%&quot;,&quot;size&quot;:&quot;&quot;,&quot;sizes&quot;:{&quot;start&quot;:&quot;0&quot;,&quot;end&quot;:&quot;50&quot;}},&quot;motion_fx_devices&quot;:[&quot;desktop&quot;,&quot;tablet&quot;]}\" data-widget_type=\"spacer.default\">\n\t\t\t\t<div class=\"elementor-widget-container\">\n\t\t\t\t\t\t\t<div class=\"elementor-spacer\">\n\t\t\t<div class=\"elementor-spacer-inner\"><\/div>\n\t\t<\/div>\n\t\t\t\t\t\t<\/div>\n\t\t\t\t<\/div>\n\t\t\t\t<div class=\"elementor-element elementor-element-714a3c7 elementor-widget__width-initial elementor-absolute elementor-widget-tablet__width-initial elementor-widget-mobile__width-initial elementor-widget elementor-widget-spacer\" data-id=\"714a3c7\" data-element_type=\"widget\" data-settings=\"{&quot;_position&quot;:&quot;absolute&quot;,&quot;motion_fx_motion_fx_scrolling&quot;:&quot;yes&quot;,&quot;motion_fx_translateX_effect&quot;:&quot;yes&quot;,&quot;motion_fx_translateX_direction&quot;:&quot;negative&quot;,&quot;motion_fx_translateX_speed&quot;:{&quot;unit&quot;:&quot;px&quot;,&quot;size&quot;:&quot;0.5&quot;,&quot;sizes&quot;:[]},&quot;motion_fx_translateX_affectedRange&quot;:{&quot;unit&quot;:&quot;%&quot;,&quot;size&quot;:&quot;&quot;,&quot;sizes&quot;:{&quot;start&quot;:&quot;0&quot;,&quot;end&quot;:&quot;50&quot;}},&quot;motion_fx_devices&quot;:[&quot;desktop&quot;,&quot;tablet&quot;]}\" data-widget_type=\"spacer.default\">\n\t\t\t\t<div class=\"elementor-widget-container\">\n\t\t\t\t\t\t\t<div class=\"elementor-spacer\">\n\t\t\t<div class=\"elementor-spacer-inner\"><\/div>\n\t\t<\/div>\n\t\t\t\t\t\t<\/div>\n\t\t\t\t<\/div>\n\t\t\t\t\t<\/div>\n\t\t<\/div>\n\t\t\t\t\t<\/div>\n\t\t<\/section>\n\t\t\t\t<\/div>","protected":false},"excerpt":{"rendered":"<p>Become a member Your membership plays an essential role! Your membership is more than just a contribution. It's an important message of support for us. It also funds our activities and [...]<\/p>","protected":false},"author":1,"featured_media":0,"parent":0,"menu_order":11,"comment_status":"closed","ping_status":"closed","template":"elementor_header_footer","meta":{"footnotes":""},"class_list":["post-14497","page","type-page","status-publish","hentry"],"yoast_head":"<!-- This site is optimized with the Yoast SEO plugin v25.8 - https:\/\/yoast.com\/wordpress\/plugins\/seo\/ -->\n<title>Devenir membre - DupMECP2<\/title>\n<meta name=\"robots\" content=\"index, follow, max-snippet:-1, max-image-preview:large, max-video-preview:-1\" \/>\n<link rel=\"canonical\" href=\"https:\/\/dupmecp2.eu\/en\/become-a-member-2\/?lang=fr\" \/>\n<meta property=\"og:locale\" content=\"en_GB\" \/>\n<meta property=\"og:type\" content=\"article\" \/>\n<meta property=\"og:title\" content=\"Devenir membre - DupMECP2\" \/>\n<meta property=\"og:description\" content=\"Devenir membre Votre adh\u00e9sion joue un r\u00f4le essentiel ! Votre adh\u00e9sion est plus qu&rsquo;une simple contribution.\u00a0C&rsquo;est un message important de soutien \u00e0 notre \u00e9gard. Elle finance \u00e9galement nos activit\u00e9s et [&hellip;]\" \/>\n<meta property=\"og:url\" content=\"https:\/\/dupmecp2.eu\/en\/become-a-member-2\/?lang=fr\" \/>\n<meta property=\"og:site_name\" content=\"DupMECP2\" \/>\n<meta property=\"article:modified_time\" content=\"2024-12-31T07:24:22+00:00\" \/>\n<meta name=\"twitter:card\" content=\"summary_large_image\" \/>\n<meta name=\"twitter:label1\" content=\"Estimated reading time\" \/>\n\t<meta name=\"twitter:data1\" content=\"1 minute\" \/>\n<script type=\"application\/ld+json\" class=\"yoast-schema-graph\">{\"@context\":\"https:\/\/schema.org\",\"@graph\":[{\"@type\":\"WebPage\",\"@id\":\"https:\/\/dupmecp2.eu\/devenir-membre\/?lang=fr\",\"url\":\"https:\/\/dupmecp2.eu\/devenir-membre\/?lang=fr\",\"name\":\"Devenir membre - DupMECP2\",\"isPartOf\":{\"@id\":\"https:\/\/dupmecp2.eu\/#website\"},\"datePublished\":\"2023-01-23T19:44:23+00:00\",\"dateModified\":\"2024-12-31T07:24:22+00:00\",\"breadcrumb\":{\"@id\":\"https:\/\/dupmecp2.eu\/devenir-membre\/?lang=fr#breadcrumb\"},\"inLanguage\":\"en-GB\",\"potentialAction\":[{\"@type\":\"ReadAction\",\"target\":[\"https:\/\/dupmecp2.eu\/devenir-membre\/?lang=fr\"]}]},{\"@type\":\"BreadcrumbList\",\"@id\":\"https:\/\/dupmecp2.eu\/devenir-membre\/?lang=fr#breadcrumb\",\"itemListElement\":[{\"@type\":\"ListItem\",\"position\":1,\"name\":\"Accueil\",\"item\":\"https:\/\/dupmecp2.eu\/\"},{\"@type\":\"ListItem\",\"position\":2,\"name\":\"Devenir membre\"}]},{\"@type\":\"WebSite\",\"@id\":\"https:\/\/dupmecp2.eu\/#website\",\"url\":\"https:\/\/dupmecp2.eu\/\",\"name\":\"DupMECP2\",\"description\":\"EU\",\"publisher\":{\"@id\":\"https:\/\/dupmecp2.eu\/#organization\"},\"potentialAction\":[{\"@type\":\"SearchAction\",\"target\":{\"@type\":\"EntryPoint\",\"urlTemplate\":\"https:\/\/dupmecp2.eu\/?s={search_term_string}\"},\"query-input\":{\"@type\":\"PropertyValueSpecification\",\"valueRequired\":true,\"valueName\":\"search_term_string\"}}],\"inLanguage\":\"en-GB\"},{\"@type\":\"Organization\",\"@id\":\"https:\/\/dupmecp2.eu\/#organization\",\"name\":\"DupMECP2\",\"url\":\"https:\/\/dupmecp2.eu\/\",\"logo\":{\"@type\":\"ImageObject\",\"inLanguage\":\"en-GB\",\"@id\":\"https:\/\/dupmecp2.eu\/#\/schema\/logo\/image\/\",\"url\":\"\",\"contentUrl\":\"\",\"caption\":\"DupMECP2\"},\"image\":{\"@id\":\"https:\/\/dupmecp2.eu\/#\/schema\/logo\/image\/\"}}]}<\/script>\n<!-- \/ Yoast SEO plugin. -->","yoast_head_json":{"title":"Become a member - DupMECP2","robots":{"index":"index","follow":"follow","max-snippet":"max-snippet:-1","max-image-preview":"max-image-preview:large","max-video-preview":"max-video-preview:-1"},"canonical":"https:\/\/dupmecp2.eu\/en\/become-a-member-2\/?lang=fr","og_locale":"en_GB","og_type":"article","og_title":"Devenir membre - DupMECP2","og_description":"Devenir membre Votre adh\u00e9sion joue un r\u00f4le essentiel ! Votre adh\u00e9sion est plus qu&rsquo;une simple contribution.\u00a0C&rsquo;est un message important de soutien \u00e0 notre \u00e9gard. Elle finance \u00e9galement nos activit\u00e9s et [&hellip;]","og_url":"https:\/\/dupmecp2.eu\/en\/become-a-member-2\/?lang=fr","og_site_name":"DupMECP2","article_modified_time":"2024-12-31T07:24:22+00:00","twitter_card":"summary_large_image","twitter_misc":{"Estimated reading time":"1 minute"},"schema":{"@context":"https:\/\/schema.org","@graph":[{"@type":"WebPage","@id":"https:\/\/dupmecp2.eu\/devenir-membre\/?lang=fr","url":"https:\/\/dupmecp2.eu\/devenir-membre\/?lang=fr","name":"Become a member - DupMECP2","isPartOf":{"@id":"https:\/\/dupmecp2.eu\/#website"},"datePublished":"2023-01-23T19:44:23+00:00","dateModified":"2024-12-31T07:24:22+00:00","breadcrumb":{"@id":"https:\/\/dupmecp2.eu\/devenir-membre\/?lang=fr#breadcrumb"},"inLanguage":"en-GB","potentialAction":[{"@type":"ReadAction","target":["https:\/\/dupmecp2.eu\/devenir-membre\/?lang=fr"]}]},{"@type":"BreadcrumbList","@id":"https:\/\/dupmecp2.eu\/devenir-membre\/?lang=fr#breadcrumb","itemListElement":[{"@type":"ListItem","position":1,"name":"Accueil","item":"https:\/\/dupmecp2.eu\/"},{"@type":"ListItem","position":2,"name":"Devenir membre"}]},{"@type":"WebSite","@id":"https:\/\/dupmecp2.eu\/#website","url":"https:\/\/dupmecp2.eu\/","name":"DupMECP2","description":"EU","publisher":{"@id":"https:\/\/dupmecp2.eu\/#organization"},"potentialAction":[{"@type":"SearchAction","target":{"@type":"EntryPoint","urlTemplate":"https:\/\/dupmecp2.eu\/?s={search_term_string}"},"query-input":{"@type":"PropertyValueSpecification","valueRequired":true,"valueName":"search_term_string"}}],"inLanguage":"en-GB"},{"@type":"Organization","@id":"https:\/\/dupmecp2.eu\/#organization","name":"DupMECP2","url":"https:\/\/dupmecp2.eu\/","logo":{"@type":"ImageObject","inLanguage":"en-GB","@id":"https:\/\/dupmecp2.eu\/#\/schema\/logo\/image\/","url":"","contentUrl":"","caption":"DupMECP2"},"image":{"@id":"https:\/\/dupmecp2.eu\/#\/schema\/logo\/image\/"}}]}},"_links":{"self":[{"href":"https:\/\/dupmecp2.eu\/en\/wp-json\/wp\/v2\/pages\/14497","targetHints":{"allow":["GET"]}}],"collection":[{"href":"https:\/\/dupmecp2.eu\/en\/wp-json\/wp\/v2\/pages"}],"about":[{"href":"https:\/\/dupmecp2.eu\/en\/wp-json\/wp\/v2\/types\/page"}],"author":[{"embeddable":true,"href":"https:\/\/dupmecp2.eu\/en\/wp-json\/wp\/v2\/users\/1"}],"replies":[{"embeddable":true,"href":"https:\/\/dupmecp2.eu\/en\/wp-json\/wp\/v2\/comments?post=14497"}],"version-history":[{"count":3,"href":"https:\/\/dupmecp2.eu\/en\/wp-json\/wp\/v2\/pages\/14497\/revisions"}],"predecessor-version":[{"id":32096,"href":"https:\/\/dupmecp2.eu\/en\/wp-json\/wp\/v2\/pages\/14497\/revisions\/32096"}],"wp:attachment":[{"href":"https:\/\/dupmecp2.eu\/en\/wp-json\/wp\/v2\/media?parent=14497"}],"curies":[{"name":"wp","href":"https:\/\/api.w.org\/{rel}","templated":true}]}}