{"id":31162,"date":"2024-12-05T21:57:00","date_gmt":"2024-12-05T20:57:00","guid":{"rendered":"https:\/\/dupmecp2.eu\/?page_id=31162"},"modified":"2024-12-05T22:00:14","modified_gmt":"2024-12-05T21:00:14","slug":"politica-de-privacidad","status":"publish","type":"page","link":"https:\/\/dupmecp2.eu\/es\/politica-de-privacidad\/","title":{"rendered":"Pol\u00edtica de privacidad"},"content":{"rendered":"<h3 class=\"wp-block-heading\">Declaraci\u00f3n de obligaci\u00f3n de informaci\u00f3n<\/h3>\n\n\n\n<p><strong>Pol\u00edtica de privacidad<\/strong><\/p>\n\n\n\n<p>En la siguiente pol\u00edtica de privacidad le informamos sobre los aspectos m\u00e1s importantes del tratamiento de datos en nuestro sitio web. Recopilamos y procesamos datos personales \u00fanicamente en base a la normativa legal (Reglamento General de Protecci\u00f3n de Datos, Ley de Telecomunicaciones de 2003).<\/p>\n\n\n\n<p>Cuando accede a nuestro sitio web o lo visita, se registran su direcci\u00f3n IP, el inicio y el fin de la sesi\u00f3n y su duraci\u00f3n. Esto es t\u00e9cnicamente necesario y constituye un inter\u00e9s leg\u00edtimo con arreglo al art\u00edculo 6, apartado 1, letra f), del RGPD.<\/p>\n\n\n\n<hr class=\"wp-block-separator has-alpha-channel-opacity\"\/>\n\n\n\n<h3 class=\"wp-block-heading\">Contacto<\/h3>\n\n\n\n<p>Si se pone en contacto con nosotros a trav\u00e9s del formulario de contacto de nuestro sitio web o por correo electr\u00f3nico, los datos que nos proporcione se almacenar\u00e1n durante seis meses para procesar su consulta o para preguntas de seguimiento. Sus datos transmitidos no se compartir\u00e1n sin su consentimiento.<\/p>\n\n\n\n<hr class=\"wp-block-separator has-alpha-channel-opacity\"\/>\n\n\n\n<h3 class=\"wp-block-heading\">Cookies<\/h3>\n\n\n\n<p>Nuestro sitio web utiliza \"cookies\", que son peque\u00f1os archivos de texto almacenados en su dispositivo por su navegador. No causan ning\u00fan da\u00f1o. Utilizamos cookies para facilitar el uso de nuestro sitio web. Algunas cookies permanecen en su dispositivo hasta que usted las borra. Nos permiten reconocer su navegador en su pr\u00f3xima visita.<\/p>\n\n\n\n<p>Si no lo desea, puede configurar su navegador para que le avise cuando se instalen cookies y permitirlas s\u00f3lo en casos concretos. Deshabilitar las cookies puede limitar la funcionalidad de nuestro sitio web.<\/p>\n\n\n\n<hr class=\"wp-block-separator has-alpha-channel-opacity\"\/>\n\n\n\n<h3 class=\"wp-block-heading\">Archivos de registro del servidor<\/h3>\n\n\n\n<p>Este sitio web y su proveedor asociado recopilan autom\u00e1ticamente informaci\u00f3n durante el uso del sitio web como parte de los \"archivos de registro del servidor\". Esto incluye, en particular:<\/p>\n\n\n\n<ul class=\"wp-block-list\">\n<li>Direcci\u00f3n IP o nombre de host<\/li>\n\n\n\n<li>Navegador utilizado<\/li>\n\n\n\n<li>Duraci\u00f3n de la visita, as\u00ed como fecha y hora<\/li>\n\n\n\n<li>P\u00e1ginas visitadas en el sitio web<\/li>\n\n\n\n<li>Configuraci\u00f3n de idioma y sistema operativo<\/li>\n\n\n\n<li>\" P\u00e1gina de salida (URL desde la que el usuario abandon\u00f3 el sitio web)<\/li>\n\n\n\n<li>ISP (proveedor de servicios de Internet)<\/li>\n<\/ul>\n\n\n\n<p>La informaci\u00f3n recopilada no se procesa de forma que se relacione con individuos ni se combina con datos personales.<\/p>\n\n\n\n<p>El operador del sitio web se reserva el derecho de revisar estos datos en caso de que se conozcan actividades ilegales.<\/p>\n\n\n\n<hr class=\"wp-block-separator has-alpha-channel-opacity\"\/>\n\n\n\n<h3 class=\"wp-block-heading\">Bolet\u00edn<\/h3>\n\n\n\n<p>Tiene la opci\u00f3n de suscribirse a nuestro bolet\u00edn a trav\u00e9s de nuestro sitio web. Para ello, necesitamos su direcci\u00f3n de correo electr\u00f3nico y su consentimiento expl\u00edcito para recibir el bolet\u00edn.<\/p>\n\n\n\n<p>Al suscribirse, recibir\u00e1 un correo electr\u00f3nico de confirmaci\u00f3n con un enlace para confirmar su suscripci\u00f3n. Puede darse de baja del bolet\u00edn en cualquier momento enviando su cancelaci\u00f3n a nuestra direcci\u00f3n de correo electr\u00f3nico: <strong><a>office@dupmecp2.eu<\/a><\/strong>.<\/p>\n\n\n\n<p>Tras la revocaci\u00f3n, sus datos relacionados con la suscripci\u00f3n al bolet\u00edn se eliminar\u00e1n inmediatamente. La legalidad del tratamiento de datos realizado antes de la revocaci\u00f3n, basado en su consentimiento, no se ver\u00e1 afectada.<\/p>\n\n\n\n<hr class=\"wp-block-separator has-alpha-channel-opacity\"\/>\n\n\n\n<h3 class=\"wp-block-heading\">Sus derechos como interesado<\/h3>\n\n\n\n<p>Como interesado, tiene los siguientes derechos en relaci\u00f3n con sus datos almacenados:<\/p>\n\n\n\n<ul class=\"wp-block-list\">\n<li>Derecho de acceso<\/li>\n\n\n\n<li>Derecho de supresi\u00f3n<\/li>\n\n\n\n<li>Derecho de rectificaci\u00f3n<\/li>\n\n\n\n<li>Derecho a la portabilidad de los datos<\/li>\n\n\n\n<li>Derecho de retirada u oposici\u00f3n al tratamiento de datos<\/li>\n\n\n\n<li>Derecho a restringir el tratamiento<\/li>\n<\/ul>\n\n\n\n<p>Si cree que el tratamiento de sus datos infringe la ley de protecci\u00f3n de datos, puede presentarnos una reclamaci\u00f3n (<strong><a>office@dupmecp2.eu<\/a><\/strong>) o ante la autoridad de protecci\u00f3n de datos.<\/p>\n\n\n\n<hr class=\"wp-block-separator has-alpha-channel-opacity\"\/>\n\n\n\n<h3 class=\"wp-block-heading\">Informaci\u00f3n de contacto<\/h3>\n\n\n\n<p>Operador del sitio web: <strong>DupMECP2 - Curemos el SMD<\/strong><br>Tel\u00e9fono: <strong>+43 678 121 58 37<\/strong><br>Correo electr\u00f3nico: <strong><a>office@dupmecp2.eu<\/a><\/strong><\/p>\n\n\n\n<p><strong>Fuente<\/strong>: Pol\u00edtica de privacidad Generador Austria (GDPR)<\/p>","protected":false},"excerpt":{"rendered":"<p>Declaration of Information Obligation Privacy Policy In the following privacy policy, we inform you about the most important aspects of data processing on our website. We collect and process personal [&hellip;]<\/p>","protected":false},"author":1,"featured_media":0,"parent":0,"menu_order":0,"comment_status":"closed","ping_status":"closed","template":"","meta":{"footnotes":""},"class_list":["post-31162","page","type-page","status-publish","hentry"],"yoast_head":"<!-- This site is optimized with the Yoast SEO plugin v25.8 - https:\/\/yoast.com\/wordpress\/plugins\/seo\/ -->\n<title>Privacy Policy - DupMECP2<\/title>\n<meta name=\"robots\" content=\"index, follow, max-snippet:-1, max-image-preview:large, max-video-preview:-1\" \/>\n<link rel=\"canonical\" href=\"https:\/\/dupmecp2.eu\/es\/politica-de-privacidad\/\" \/>\n<meta property=\"og:locale\" content=\"es_ES\" \/>\n<meta property=\"og:type\" content=\"article\" \/>\n<meta property=\"og:title\" content=\"Privacy Policy - DupMECP2\" \/>\n<meta property=\"og:description\" content=\"Declaration of Information Obligation Privacy Policy In the following privacy policy, we inform you about the most important aspects of data processing on our website. We collect and process personal [&hellip;]\" \/>\n<meta property=\"og:url\" content=\"https:\/\/dupmecp2.eu\/es\/politica-de-privacidad\/\" \/>\n<meta property=\"og:site_name\" content=\"DupMECP2\" \/>\n<meta property=\"article:modified_time\" content=\"2024-12-05T21:00:14+00:00\" \/>\n<meta name=\"twitter:card\" content=\"summary_large_image\" \/>\n<meta name=\"twitter:label1\" content=\"Tiempo de lectura\" \/>\n\t<meta name=\"twitter:data1\" content=\"3 minutos\" \/>\n<script type=\"application\/ld+json\" class=\"yoast-schema-graph\">{\"@context\":\"https:\/\/schema.org\",\"@graph\":[{\"@type\":\"WebPage\",\"@id\":\"https:\/\/dupmecp2.eu\/privacy-policy\/\",\"url\":\"https:\/\/dupmecp2.eu\/privacy-policy\/\",\"name\":\"Privacy Policy - DupMECP2\",\"isPartOf\":{\"@id\":\"https:\/\/dupmecp2.eu\/#website\"},\"datePublished\":\"2024-12-05T20:57:00+00:00\",\"dateModified\":\"2024-12-05T21:00:14+00:00\",\"breadcrumb\":{\"@id\":\"https:\/\/dupmecp2.eu\/privacy-policy\/#breadcrumb\"},\"inLanguage\":\"es\",\"potentialAction\":[{\"@type\":\"ReadAction\",\"target\":[\"https:\/\/dupmecp2.eu\/privacy-policy\/\"]}]},{\"@type\":\"BreadcrumbList\",\"@id\":\"https:\/\/dupmecp2.eu\/privacy-policy\/#breadcrumb\",\"itemListElement\":[{\"@type\":\"ListItem\",\"position\":1,\"name\":\"Accueil\",\"item\":\"https:\/\/dupmecp2.eu\/\"},{\"@type\":\"ListItem\",\"position\":2,\"name\":\"Privacy Policy\"}]},{\"@type\":\"WebSite\",\"@id\":\"https:\/\/dupmecp2.eu\/#website\",\"url\":\"https:\/\/dupmecp2.eu\/\",\"name\":\"DupMECP2\",\"description\":\"EU\",\"publisher\":{\"@id\":\"https:\/\/dupmecp2.eu\/#organization\"},\"potentialAction\":[{\"@type\":\"SearchAction\",\"target\":{\"@type\":\"EntryPoint\",\"urlTemplate\":\"https:\/\/dupmecp2.eu\/?s={search_term_string}\"},\"query-input\":{\"@type\":\"PropertyValueSpecification\",\"valueRequired\":true,\"valueName\":\"search_term_string\"}}],\"inLanguage\":\"es\"},{\"@type\":\"Organization\",\"@id\":\"https:\/\/dupmecp2.eu\/#organization\",\"name\":\"DupMECP2\",\"url\":\"https:\/\/dupmecp2.eu\/\",\"logo\":{\"@type\":\"ImageObject\",\"inLanguage\":\"es\",\"@id\":\"https:\/\/dupmecp2.eu\/#\/schema\/logo\/image\/\",\"url\":\"\",\"contentUrl\":\"\",\"caption\":\"DupMECP2\"},\"image\":{\"@id\":\"https:\/\/dupmecp2.eu\/#\/schema\/logo\/image\/\"}}]}<\/script>\n<!-- \/ Yoast SEO plugin. -->","yoast_head_json":{"title":"Pol\u00edtica de privacidad - DupMECP2","robots":{"index":"index","follow":"follow","max-snippet":"max-snippet:-1","max-image-preview":"max-image-preview:large","max-video-preview":"max-video-preview:-1"},"canonical":"https:\/\/dupmecp2.eu\/es\/politica-de-privacidad\/","og_locale":"es_ES","og_type":"article","og_title":"Privacy Policy - DupMECP2","og_description":"Declaration of Information Obligation Privacy Policy In the following privacy policy, we inform you about the most important aspects of data processing on our website. We collect and process personal [&hellip;]","og_url":"https:\/\/dupmecp2.eu\/es\/politica-de-privacidad\/","og_site_name":"DupMECP2","article_modified_time":"2024-12-05T21:00:14+00:00","twitter_card":"summary_large_image","twitter_misc":{"Tiempo de lectura":"3 minutos"},"schema":{"@context":"https:\/\/schema.org","@graph":[{"@type":"WebPage","@id":"https:\/\/dupmecp2.eu\/privacy-policy\/","url":"https:\/\/dupmecp2.eu\/privacy-policy\/","name":"Pol\u00edtica de privacidad - DupMECP2","isPartOf":{"@id":"https:\/\/dupmecp2.eu\/#website"},"datePublished":"2024-12-05T20:57:00+00:00","dateModified":"2024-12-05T21:00:14+00:00","breadcrumb":{"@id":"https:\/\/dupmecp2.eu\/privacy-policy\/#breadcrumb"},"inLanguage":"es","potentialAction":[{"@type":"ReadAction","target":["https:\/\/dupmecp2.eu\/privacy-policy\/"]}]},{"@type":"BreadcrumbList","@id":"https:\/\/dupmecp2.eu\/privacy-policy\/#breadcrumb","itemListElement":[{"@type":"ListItem","position":1,"name":"Accueil","item":"https:\/\/dupmecp2.eu\/"},{"@type":"ListItem","position":2,"name":"Privacy Policy"}]},{"@type":"WebSite","@id":"https:\/\/dupmecp2.eu\/#website","url":"https:\/\/dupmecp2.eu\/","name":"DupMECP2","description":"UE","publisher":{"@id":"https:\/\/dupmecp2.eu\/#organization"},"potentialAction":[{"@type":"SearchAction","target":{"@type":"EntryPoint","urlTemplate":"https:\/\/dupmecp2.eu\/?s={search_term_string}"},"query-input":{"@type":"PropertyValueSpecification","valueRequired":true,"valueName":"search_term_string"}}],"inLanguage":"es"},{"@type":"Organization","@id":"https:\/\/dupmecp2.eu\/#organization","name":"DupMECP2","url":"https:\/\/dupmecp2.eu\/","logo":{"@type":"ImageObject","inLanguage":"es","@id":"https:\/\/dupmecp2.eu\/#\/schema\/logo\/image\/","url":"","contentUrl":"","caption":"DupMECP2"},"image":{"@id":"https:\/\/dupmecp2.eu\/#\/schema\/logo\/image\/"}}]}},"_links":{"self":[{"href":"https:\/\/dupmecp2.eu\/es\/wp-json\/wp\/v2\/pages\/31162","targetHints":{"allow":["GET"]}}],"collection":[{"href":"https:\/\/dupmecp2.eu\/es\/wp-json\/wp\/v2\/pages"}],"about":[{"href":"https:\/\/dupmecp2.eu\/es\/wp-json\/wp\/v2\/types\/page"}],"author":[{"embeddable":true,"href":"https:\/\/dupmecp2.eu\/es\/wp-json\/wp\/v2\/users\/1"}],"replies":[{"embeddable":true,"href":"https:\/\/dupmecp2.eu\/es\/wp-json\/wp\/v2\/comments?post=31162"}],"version-history":[{"count":0,"href":"https:\/\/dupmecp2.eu\/es\/wp-json\/wp\/v2\/pages\/31162\/revisions"}],"wp:attachment":[{"href":"https:\/\/dupmecp2.eu\/es\/wp-json\/wp\/v2\/media?parent=31162"}],"curies":[{"name":"wp","href":"https:\/\/api.w.org\/{rel}","templated":true}]}}