{"id":31162,"date":"2024-12-05T21:57:00","date_gmt":"2024-12-05T20:57:00","guid":{"rendered":"https:\/\/dupmecp2.eu\/?page_id=31162"},"modified":"2024-12-05T22:00:14","modified_gmt":"2024-12-05T21:00:14","slug":"polityka-prywatnosci","status":"publish","type":"page","link":"https:\/\/dupmecp2.eu\/pl\/polityka-prywatnosci\/","title":{"rendered":"Polityka prywatno\u015bci"},"content":{"rendered":"<h3 class=\"wp-block-heading\">Deklaracja obowi\u0105zku informacyjnego<\/h3>\n\n\n\n<p><strong>Polityka prywatno\u015bci<\/strong><\/p>\n\n\n\n<p>W poni\u017cszej polityce prywatno\u015bci informujemy o najwa\u017cniejszych aspektach przetwarzania danych na naszej stronie internetowej. Gromadzimy i przetwarzamy dane osobowe wy\u0142\u0105cznie w oparciu o przepisy prawa (og\u00f3lne rozporz\u0105dzenie o ochronie danych, ustawa o telekomunikacji z 2003 r.).<\/p>\n\n\n\n<p>Gdy u\u017cytkownik uzyskuje dost\u0119p do naszej witryny internetowej lub j\u0105 odwiedza, jego adres IP, pocz\u0105tek i koniec sesji oraz czas jej trwania s\u0105 rejestrowane. Jest to technicznie konieczne i stanowi uzasadniony interes zgodnie z art. 6 ust. 1 lit. f) RODO.<\/p>\n\n\n\n<hr class=\"wp-block-separator has-alpha-channel-opacity\"\/>\n\n\n\n<h3 class=\"wp-block-heading\">Kontakt z nami<\/h3>\n\n\n\n<p>Je\u015bli u\u017cytkownik skontaktuje si\u0119 z nami za po\u015brednictwem formularza kontaktowego na naszej stronie internetowej lub poczt\u0105 elektroniczn\u0105, podane przez niego dane b\u0119d\u0105 przechowywane przez sze\u015b\u0107 miesi\u0119cy w celu przetworzenia zapytania lub odpowiedzi na dalsze pytania. Przekazane dane nie b\u0119d\u0105 udost\u0119pniane bez zgody u\u017cytkownika.<\/p>\n\n\n\n<hr class=\"wp-block-separator has-alpha-channel-opacity\"\/>\n\n\n\n<h3 class=\"wp-block-heading\">Pliki cookie<\/h3>\n\n\n\n<p>Nasza strona internetowa u\u017cywa plik\u00f3w \"cookies\", kt\u00f3re s\u0105 ma\u0142ymi plikami tekstowymi przechowywanymi na Twoim urz\u0105dzeniu przez Twoj\u0105 przegl\u0105dark\u0119. Nie powoduj\u0105 one \u017cadnych szk\u00f3d. U\u017cywamy plik\u00f3w cookie, aby uczyni\u0107 nasz\u0105 witryn\u0119 bardziej przyjazn\u0105 dla u\u017cytkownika. Niekt\u00f3re pliki cookie pozostaj\u0105 na urz\u0105dzeniu u\u017cytkownika do momentu ich usuni\u0119cia. Pozwalaj\u0105 nam one rozpozna\u0107 przegl\u0105dark\u0119 u\u017cytkownika przy nast\u0119pnej wizycie.<\/p>\n\n\n\n<p>Je\u015bli u\u017cytkownik sobie tego nie \u017cyczy, mo\u017ce skonfigurowa\u0107 przegl\u0105dark\u0119 tak, aby powiadamia\u0142a go o ustawieniu plik\u00f3w cookie i zezwala\u0142a na nie tylko w indywidualnych przypadkach. Wy\u0142\u0105czenie plik\u00f3w cookie mo\u017ce ograniczy\u0107 funkcjonalno\u015b\u0107 naszej witryny.<\/p>\n\n\n\n<hr class=\"wp-block-separator has-alpha-channel-opacity\"\/>\n\n\n\n<h3 class=\"wp-block-heading\">Pliki dziennika serwera<\/h3>\n\n\n\n<p>Ta strona internetowa i powi\u0105zany z ni\u0105 dostawca automatycznie zbieraj\u0105 informacje podczas korzystania ze strony internetowej w ramach \"plik\u00f3w dziennika serwera\". Obejmuje to w szczeg\u00f3lno\u015bci:<\/p>\n\n\n\n<ul class=\"wp-block-list\">\n<li>Adres IP lub nazwa hosta<\/li>\n\n\n\n<li>U\u017cywana przegl\u0105darka<\/li>\n\n\n\n<li>Czas trwania wizyty, a tak\u017ce data i godzina<\/li>\n\n\n\n<li>Strony odwiedzone w witrynie<\/li>\n\n\n\n<li>Ustawienia j\u0119zyka i system operacyjny<\/li>\n\n\n\n<li>\"Strona wyj\u015bcia\" (adres URL, z kt\u00f3rego u\u017cytkownik opu\u015bci\u0142 witryn\u0119)<\/li>\n\n\n\n<li>ISP (dostawca us\u0142ug internetowych)<\/li>\n<\/ul>\n\n\n\n<p>Zebrane informacje nie s\u0105 przetwarzane w spos\u00f3b odnosz\u0105cy si\u0119 do os\u00f3b fizycznych ani \u0142\u0105czone z danymi osobowymi.<\/p>\n\n\n\n<p>Operator witryny zastrzega sobie prawo do sprawdzenia tych danych w przypadku znanych nielegalnych dzia\u0142a\u0144.<\/p>\n\n\n\n<hr class=\"wp-block-separator has-alpha-channel-opacity\"\/>\n\n\n\n<h3 class=\"wp-block-heading\">Newsletter<\/h3>\n\n\n\n<p>U\u017cytkownik ma mo\u017cliwo\u015b\u0107 zasubskrybowania naszego biuletynu za po\u015brednictwem naszej strony internetowej. W tym celu potrzebujemy adresu e-mail u\u017cytkownika i jego wyra\u017anej zgody na otrzymywanie biuletynu.<\/p>\n\n\n\n<p>Po dokonaniu subskrypcji u\u017cytkownik otrzyma wiadomo\u015b\u0107 e-mail z linkiem do potwierdzenia subskrypcji. Subskrypcj\u0119 biuletynu mo\u017cna anulowa\u0107 w dowolnym momencie, wysy\u0142aj\u0105c rezygnacj\u0119 na nasz adres e-mail: <strong><a>office@dupmecp2.eu<\/a><\/strong>.<\/p>\n\n\n\n<p>Po anulowaniu subskrypcji dane zwi\u0105zane z subskrypcj\u0105 newslettera zostan\u0105 natychmiast usuni\u0119te. Zgodno\u015b\u0107 z prawem przetwarzania danych przeprowadzonego przed odwo\u0142aniem, w oparciu o zgod\u0119 u\u017cytkownika, pozostaje nienaruszona.<\/p>\n\n\n\n<hr class=\"wp-block-separator has-alpha-channel-opacity\"\/>\n\n\n\n<h3 class=\"wp-block-heading\">Prawa u\u017cytkownika jako osoby, kt\u00f3rej dane dotycz\u0105<\/h3>\n\n\n\n<p>Jako osoba, kt\u00f3rej dane dotycz\u0105, u\u017cytkownik ma nast\u0119puj\u0105ce prawa dotycz\u0105ce przechowywanych danych:<\/p>\n\n\n\n<ul class=\"wp-block-list\">\n<li>Prawo dost\u0119pu<\/li>\n\n\n\n<li>Prawo do usuni\u0119cia danych<\/li>\n\n\n\n<li>Prawo do sprostowania<\/li>\n\n\n\n<li>Prawo do przenoszenia danych<\/li>\n\n\n\n<li>Prawo do wycofania lub sprzeciwu wobec przetwarzania danych<\/li>\n\n\n\n<li>Prawo do ograniczenia przetwarzania<\/li>\n<\/ul>\n\n\n\n<p>Je\u015bli u\u017cytkownik uwa\u017ca, \u017ce przetwarzanie jego danych narusza przepisy o ochronie danych, mo\u017ce z\u0142o\u017cy\u0107 do nas skarg\u0119 (<strong><a>office@dupmecp2.eu<\/a><\/strong>) lub z organem ochrony danych.<\/p>\n\n\n\n<hr class=\"wp-block-separator has-alpha-channel-opacity\"\/>\n\n\n\n<h3 class=\"wp-block-heading\">Informacje kontaktowe<\/h3>\n\n\n\n<p>Operator strony: <strong>DupMECP2 - Wyleczmy MDS<\/strong><br>Telefon: <strong>+43 678 121 58 37<\/strong><br>E-mail: <strong><a>office@dupmecp2.eu<\/a><\/strong><\/p>\n\n\n\n<p><strong>\u0179r\u00f3d\u0142o<\/strong>Polityka prywatno\u015bci Generator Austria (RODO)<\/p>","protected":false},"excerpt":{"rendered":"<p>Declaration of Information Obligation Privacy Policy In the following privacy policy, we inform you about the most important aspects of data processing on our website. We collect and process personal [&hellip;]<\/p>","protected":false},"author":1,"featured_media":0,"parent":0,"menu_order":0,"comment_status":"closed","ping_status":"closed","template":"","meta":{"footnotes":""},"class_list":["post-31162","page","type-page","status-publish","hentry"],"yoast_head":"<!-- This site is optimized with the Yoast SEO plugin v25.8 - https:\/\/yoast.com\/wordpress\/plugins\/seo\/ -->\n<title>Privacy Policy - DupMECP2<\/title>\n<meta name=\"robots\" content=\"index, follow, max-snippet:-1, max-image-preview:large, max-video-preview:-1\" \/>\n<link rel=\"canonical\" href=\"https:\/\/dupmecp2.eu\/pl\/polityka-prywatnosci\/\" \/>\n<meta property=\"og:locale\" content=\"pl_PL\" \/>\n<meta property=\"og:type\" content=\"article\" \/>\n<meta property=\"og:title\" content=\"Privacy Policy - DupMECP2\" \/>\n<meta property=\"og:description\" content=\"Declaration of Information Obligation Privacy Policy In the following privacy policy, we inform you about the most important aspects of data processing on our website. We collect and process personal [&hellip;]\" \/>\n<meta property=\"og:url\" content=\"https:\/\/dupmecp2.eu\/pl\/polityka-prywatnosci\/\" \/>\n<meta property=\"og:site_name\" content=\"DupMECP2\" \/>\n<meta property=\"article:modified_time\" content=\"2024-12-05T21:00:14+00:00\" \/>\n<meta name=\"twitter:card\" content=\"summary_large_image\" \/>\n<meta name=\"twitter:label1\" content=\"Szacowany czas czytania\" \/>\n\t<meta name=\"twitter:data1\" content=\"3 minuty\" \/>\n<script type=\"application\/ld+json\" class=\"yoast-schema-graph\">{\"@context\":\"https:\/\/schema.org\",\"@graph\":[{\"@type\":\"WebPage\",\"@id\":\"https:\/\/dupmecp2.eu\/privacy-policy\/\",\"url\":\"https:\/\/dupmecp2.eu\/privacy-policy\/\",\"name\":\"Privacy Policy - DupMECP2\",\"isPartOf\":{\"@id\":\"https:\/\/dupmecp2.eu\/#website\"},\"datePublished\":\"2024-12-05T20:57:00+00:00\",\"dateModified\":\"2024-12-05T21:00:14+00:00\",\"breadcrumb\":{\"@id\":\"https:\/\/dupmecp2.eu\/privacy-policy\/#breadcrumb\"},\"inLanguage\":\"pl-PL\",\"potentialAction\":[{\"@type\":\"ReadAction\",\"target\":[\"https:\/\/dupmecp2.eu\/privacy-policy\/\"]}]},{\"@type\":\"BreadcrumbList\",\"@id\":\"https:\/\/dupmecp2.eu\/privacy-policy\/#breadcrumb\",\"itemListElement\":[{\"@type\":\"ListItem\",\"position\":1,\"name\":\"Accueil\",\"item\":\"https:\/\/dupmecp2.eu\/\"},{\"@type\":\"ListItem\",\"position\":2,\"name\":\"Privacy Policy\"}]},{\"@type\":\"WebSite\",\"@id\":\"https:\/\/dupmecp2.eu\/#website\",\"url\":\"https:\/\/dupmecp2.eu\/\",\"name\":\"DupMECP2\",\"description\":\"EU\",\"publisher\":{\"@id\":\"https:\/\/dupmecp2.eu\/#organization\"},\"potentialAction\":[{\"@type\":\"SearchAction\",\"target\":{\"@type\":\"EntryPoint\",\"urlTemplate\":\"https:\/\/dupmecp2.eu\/?s={search_term_string}\"},\"query-input\":{\"@type\":\"PropertyValueSpecification\",\"valueRequired\":true,\"valueName\":\"search_term_string\"}}],\"inLanguage\":\"pl-PL\"},{\"@type\":\"Organization\",\"@id\":\"https:\/\/dupmecp2.eu\/#organization\",\"name\":\"DupMECP2\",\"url\":\"https:\/\/dupmecp2.eu\/\",\"logo\":{\"@type\":\"ImageObject\",\"inLanguage\":\"pl-PL\",\"@id\":\"https:\/\/dupmecp2.eu\/#\/schema\/logo\/image\/\",\"url\":\"\",\"contentUrl\":\"\",\"caption\":\"DupMECP2\"},\"image\":{\"@id\":\"https:\/\/dupmecp2.eu\/#\/schema\/logo\/image\/\"}}]}<\/script>\n<!-- \/ Yoast SEO plugin. -->","yoast_head_json":{"title":"Polityka prywatno\u015bci - DupMECP2","robots":{"index":"index","follow":"follow","max-snippet":"max-snippet:-1","max-image-preview":"max-image-preview:large","max-video-preview":"max-video-preview:-1"},"canonical":"https:\/\/dupmecp2.eu\/pl\/polityka-prywatnosci\/","og_locale":"pl_PL","og_type":"article","og_title":"Privacy Policy - DupMECP2","og_description":"Declaration of Information Obligation Privacy Policy In the following privacy policy, we inform you about the most important aspects of data processing on our website. We collect and process personal [&hellip;]","og_url":"https:\/\/dupmecp2.eu\/pl\/polityka-prywatnosci\/","og_site_name":"DupMECP2","article_modified_time":"2024-12-05T21:00:14+00:00","twitter_card":"summary_large_image","twitter_misc":{"Szacowany czas czytania":"3 minuty"},"schema":{"@context":"https:\/\/schema.org","@graph":[{"@type":"WebPage","@id":"https:\/\/dupmecp2.eu\/privacy-policy\/","url":"https:\/\/dupmecp2.eu\/privacy-policy\/","name":"Polityka prywatno\u015bci - DupMECP2","isPartOf":{"@id":"https:\/\/dupmecp2.eu\/#website"},"datePublished":"2024-12-05T20:57:00+00:00","dateModified":"2024-12-05T21:00:14+00:00","breadcrumb":{"@id":"https:\/\/dupmecp2.eu\/privacy-policy\/#breadcrumb"},"inLanguage":"pl-PL","potentialAction":[{"@type":"ReadAction","target":["https:\/\/dupmecp2.eu\/privacy-policy\/"]}]},{"@type":"BreadcrumbList","@id":"https:\/\/dupmecp2.eu\/privacy-policy\/#breadcrumb","itemListElement":[{"@type":"ListItem","position":1,"name":"Accueil","item":"https:\/\/dupmecp2.eu\/"},{"@type":"ListItem","position":2,"name":"Privacy Policy"}]},{"@type":"WebSite","@id":"https:\/\/dupmecp2.eu\/#website","url":"https:\/\/dupmecp2.eu\/","name":"DupMECP2","description":"UE","publisher":{"@id":"https:\/\/dupmecp2.eu\/#organization"},"potentialAction":[{"@type":"SearchAction","target":{"@type":"EntryPoint","urlTemplate":"https:\/\/dupmecp2.eu\/?s={search_term_string}"},"query-input":{"@type":"PropertyValueSpecification","valueRequired":true,"valueName":"search_term_string"}}],"inLanguage":"pl-PL"},{"@type":"Organization","@id":"https:\/\/dupmecp2.eu\/#organization","name":"DupMECP2","url":"https:\/\/dupmecp2.eu\/","logo":{"@type":"ImageObject","inLanguage":"pl-PL","@id":"https:\/\/dupmecp2.eu\/#\/schema\/logo\/image\/","url":"","contentUrl":"","caption":"DupMECP2"},"image":{"@id":"https:\/\/dupmecp2.eu\/#\/schema\/logo\/image\/"}}]}},"_links":{"self":[{"href":"https:\/\/dupmecp2.eu\/pl\/wp-json\/wp\/v2\/pages\/31162","targetHints":{"allow":["GET"]}}],"collection":[{"href":"https:\/\/dupmecp2.eu\/pl\/wp-json\/wp\/v2\/pages"}],"about":[{"href":"https:\/\/dupmecp2.eu\/pl\/wp-json\/wp\/v2\/types\/page"}],"author":[{"embeddable":true,"href":"https:\/\/dupmecp2.eu\/pl\/wp-json\/wp\/v2\/users\/1"}],"replies":[{"embeddable":true,"href":"https:\/\/dupmecp2.eu\/pl\/wp-json\/wp\/v2\/comments?post=31162"}],"version-history":[{"count":0,"href":"https:\/\/dupmecp2.eu\/pl\/wp-json\/wp\/v2\/pages\/31162\/revisions"}],"wp:attachment":[{"href":"https:\/\/dupmecp2.eu\/pl\/wp-json\/wp\/v2\/media?parent=31162"}],"curies":[{"name":"wp","href":"https:\/\/api.w.org\/{rel}","templated":true}]}}